{"id":2130,"date":"2025-11-12T08:34:30","date_gmt":"2025-11-12T08:34:30","guid":{"rendered":"https:\/\/ib-legalfamily.com\/?page_id=2130"},"modified":"2025-11-12T08:52:44","modified_gmt":"2025-11-12T08:52:44","slug":"cookies-policy","status":"publish","type":"page","link":"https:\/\/ib-legalfamily.com\/en\/cookies-policy\/","title":{"rendered":"Cookies Policy"},"content":{"rendered":"<div data-elementor-type=\"wp-page\" data-elementor-id=\"2130\" class=\"elementor elementor-2130\" data-elementor-post-type=\"page\">\n\t\t\t\t<div class=\"elementor-element elementor-element-f6c9ec9 e-flex e-con-boxed e-con e-parent\" data-id=\"f6c9ec9\" data-element_type=\"container\">\n\t\t\t\t\t<div class=\"e-con-inner\">\n\t\t\t\t<div class=\"elementor-element elementor-element-1bb14d5 elementor-widget elementor-widget-text-editor\" data-id=\"1bb14d5\" data-element_type=\"widget\" data-widget_type=\"text-editor.default\">\n\t\t\t\t<div class=\"elementor-widget-container\">\n\t\t\t\t\t\t\t\t\t<h4><strong>Cookies Policy<\/strong><\/h4><p data-start=\"0\" data-end=\"181\">This website uses only Google Analytics cookies to understand how visitors interact with the site and to improve user experience.<\/p><p data-start=\"183\" data-end=\"262\">Google Analytics cookies collect anonymous statistical data, such as:<\/p><ul data-start=\"263\" data-end=\"391\"><li data-start=\"263\" data-end=\"298\"><p data-start=\"265\" data-end=\"298\">type of device and browser;<\/p><\/li><li data-start=\"299\" data-end=\"318\"><p data-start=\"301\" data-end=\"318\">visit duration;<\/p><\/li><li data-start=\"319\" data-end=\"344\"><p data-start=\"321\" data-end=\"344\">pages viewed;<\/p><\/li><li data-start=\"345\" data-end=\"391\"><p data-start=\"347\" data-end=\"391\">country of origin (without full IP address).<\/p><\/li><\/ul><p data-start=\"393\" data-end=\"556\">The data are processed by Google Ireland Ltd., acting as an independent data cotroller under its own Privacy Policy.<\/p><p data-start=\"558\" data-end=\"652\">The Law Practice does not identify or track visitors for advertising purposes.<\/p><p data-start=\"654\" data-end=\"842\">Under European law (Regulation (EU) 2016\/679 \u2013 GDPR and the ePrivacy Directive), Google Analytics cookies are activated only with the user\u2019s explicit consent.<\/p><p data-start=\"844\" data-end=\"880\">Upon the first visit, users may:<\/p><ul data-start=\"881\" data-end=\"961\"><li data-start=\"881\" data-end=\"916\"><p data-start=\"883\" data-end=\"916\">Accept analytical cookies;<\/p><\/li><li data-start=\"917\" data-end=\"961\"><p data-start=\"919\" data-end=\"961\">Reject all non-essential cookies.<\/p><\/li><\/ul><p data-start=\"963\" data-end=\"1049\" data-is-last-node=\"\" data-is-only-node=\"\">Cookie preferences can be changed at any time via browser settings.<\/p>\t\t\t\t\t\t\t\t<\/div>\n\t\t\t\t<\/div>\n\t\t\t\t\t<\/div>\n\t\t\t\t<\/div>\n\t\t\t\t<\/div>","protected":false},"excerpt":{"rendered":"<p>Politica cookie Acest site utilizeaz\u0103 doar cookie-uri Google Analytics pentru a \u00een\u021belege modul \u00een care vizitatorii interac\u021bioneaz\u0103 cu site-ul \u0219i pentru a \u00eembun\u0103t\u0103\u021bi experien\u021ba utilizatorului. Cookie-urile Google Analytics colecteaz\u0103 date statistice anonime, precum: tipul de dispozitiv \u0219i browser; durata vizitei; paginile vizualizate; \u021bara de origine (f\u0103r\u0103 adresa IP complet\u0103). Datele sunt prelucrate de Google Ireland [&hellip;]<\/p>","protected":false},"author":2,"featured_media":0,"parent":0,"menu_order":0,"comment_status":"closed","ping_status":"closed","template":"","meta":{"footnotes":""},"class_list":["post-2130","page","type-page","status-publish","hentry"],"yoast_head":"<!-- This site is optimized with the Yoast SEO plugin v26.8 - https:\/\/yoast.com\/product\/yoast-seo-wordpress\/ -->\n<title>Cookies Policy - IB Legal Family<\/title>\n<meta name=\"robots\" content=\"index, follow, max-snippet:-1, max-image-preview:large, max-video-preview:-1\" \/>\n<link rel=\"canonical\" href=\"https:\/\/ib-legalfamily.com\/en\/cookies-policy\/\" \/>\n<meta property=\"og:locale\" content=\"en_GB\" \/>\n<meta property=\"og:type\" content=\"article\" \/>\n<meta property=\"og:title\" content=\"Cookies Policy - IB Legal Family\" \/>\n<meta property=\"og:description\" content=\"Politica cookie Acest site utilizeaz\u0103 doar cookie-uri Google Analytics pentru a \u00een\u021belege modul \u00een care vizitatorii interac\u021bioneaz\u0103 cu site-ul \u0219i pentru a \u00eembun\u0103t\u0103\u021bi experien\u021ba utilizatorului. Cookie-urile Google Analytics colecteaz\u0103 date statistice anonime, precum: tipul de dispozitiv \u0219i browser; durata vizitei; paginile vizualizate; \u021bara de origine (f\u0103r\u0103 adresa IP complet\u0103). Datele sunt prelucrate de Google Ireland [&hellip;]\" \/>\n<meta property=\"og:url\" content=\"https:\/\/ib-legalfamily.com\/en\/cookies-policy\/\" \/>\n<meta property=\"og:site_name\" content=\"IB Legal Family\" \/>\n<meta property=\"article:modified_time\" content=\"2025-11-12T08:52:44+00:00\" \/>\n<meta name=\"twitter:card\" content=\"summary_large_image\" \/>\n<meta name=\"twitter:label1\" content=\"Estimated reading time\" \/>\n\t<meta name=\"twitter:data1\" content=\"1 minute\" \/>\n<script type=\"application\/ld+json\" class=\"yoast-schema-graph\">{\"@context\":\"https:\/\/schema.org\",\"@graph\":[{\"@type\":\"WebPage\",\"@id\":\"https:\/\/ib-legalfamily.com\/cookies-policy\/\",\"url\":\"https:\/\/ib-legalfamily.com\/cookies-policy\/\",\"name\":\"Cookies Policy - IB Legal Family\",\"isPartOf\":{\"@id\":\"https:\/\/ib-legalfamily.com\/#website\"},\"datePublished\":\"2025-11-12T08:34:30+00:00\",\"dateModified\":\"2025-11-12T08:52:44+00:00\",\"breadcrumb\":{\"@id\":\"https:\/\/ib-legalfamily.com\/cookies-policy\/#breadcrumb\"},\"inLanguage\":\"en-GB\",\"potentialAction\":[{\"@type\":\"ReadAction\",\"target\":[\"https:\/\/ib-legalfamily.com\/cookies-policy\/\"]}]},{\"@type\":\"BreadcrumbList\",\"@id\":\"https:\/\/ib-legalfamily.com\/cookies-policy\/#breadcrumb\",\"itemListElement\":[{\"@type\":\"ListItem\",\"position\":1,\"name\":\"Home\",\"item\":\"https:\/\/ib-legalfamily.com\/\"},{\"@type\":\"ListItem\",\"position\":2,\"name\":\"Cookies Policy\"}]},{\"@type\":\"WebSite\",\"@id\":\"https:\/\/ib-legalfamily.com\/#website\",\"url\":\"https:\/\/ib-legalfamily.com\/\",\"name\":\"IB Legal Family\",\"description\":\"Drept interna\u021bional privat al\u00a0familiei\",\"publisher\":{\"@id\":\"https:\/\/ib-legalfamily.com\/#organization\"},\"potentialAction\":[{\"@type\":\"SearchAction\",\"target\":{\"@type\":\"EntryPoint\",\"urlTemplate\":\"https:\/\/ib-legalfamily.com\/?s={search_term_string}\"},\"query-input\":{\"@type\":\"PropertyValueSpecification\",\"valueRequired\":true,\"valueName\":\"search_term_string\"}}],\"inLanguage\":\"en-GB\"},{\"@type\":\"Organization\",\"@id\":\"https:\/\/ib-legalfamily.com\/#organization\",\"name\":\"IB Legal Family\",\"url\":\"https:\/\/ib-legalfamily.com\/\",\"logo\":{\"@type\":\"ImageObject\",\"inLanguage\":\"en-GB\",\"@id\":\"https:\/\/ib-legalfamily.com\/#\/schema\/logo\/image\/\",\"url\":\"https:\/\/ib-legalfamily.com\/wp-content\/uploads\/2023\/09\/iblegal_family-1.png\",\"contentUrl\":\"https:\/\/ib-legalfamily.com\/wp-content\/uploads\/2023\/09\/iblegal_family-1.png\",\"width\":3027,\"height\":717,\"caption\":\"IB Legal Family\"},\"image\":{\"@id\":\"https:\/\/ib-legalfamily.com\/#\/schema\/logo\/image\/\"}}]}<\/script>\n<!-- \/ Yoast SEO plugin. -->","yoast_head_json":{"title":"Cookies Policy - IB Legal Family","robots":{"index":"index","follow":"follow","max-snippet":"max-snippet:-1","max-image-preview":"max-image-preview:large","max-video-preview":"max-video-preview:-1"},"canonical":"https:\/\/ib-legalfamily.com\/en\/cookies-policy\/","og_locale":"en_GB","og_type":"article","og_title":"Cookies Policy - IB Legal Family","og_description":"Politica cookie Acest site utilizeaz\u0103 doar cookie-uri Google Analytics pentru a \u00een\u021belege modul \u00een care vizitatorii interac\u021bioneaz\u0103 cu site-ul \u0219i pentru a \u00eembun\u0103t\u0103\u021bi experien\u021ba utilizatorului. Cookie-urile Google Analytics colecteaz\u0103 date statistice anonime, precum: tipul de dispozitiv \u0219i browser; durata vizitei; paginile vizualizate; \u021bara de origine (f\u0103r\u0103 adresa IP complet\u0103). Datele sunt prelucrate de Google Ireland [&hellip;]","og_url":"https:\/\/ib-legalfamily.com\/en\/cookies-policy\/","og_site_name":"IB Legal Family","article_modified_time":"2025-11-12T08:52:44+00:00","twitter_card":"summary_large_image","twitter_misc":{"Estimated reading time":"1 minute"},"schema":{"@context":"https:\/\/schema.org","@graph":[{"@type":"WebPage","@id":"https:\/\/ib-legalfamily.com\/cookies-policy\/","url":"https:\/\/ib-legalfamily.com\/cookies-policy\/","name":"Cookies Policy - IB Legal Family","isPartOf":{"@id":"https:\/\/ib-legalfamily.com\/#website"},"datePublished":"2025-11-12T08:34:30+00:00","dateModified":"2025-11-12T08:52:44+00:00","breadcrumb":{"@id":"https:\/\/ib-legalfamily.com\/cookies-policy\/#breadcrumb"},"inLanguage":"en-GB","potentialAction":[{"@type":"ReadAction","target":["https:\/\/ib-legalfamily.com\/cookies-policy\/"]}]},{"@type":"BreadcrumbList","@id":"https:\/\/ib-legalfamily.com\/cookies-policy\/#breadcrumb","itemListElement":[{"@type":"ListItem","position":1,"name":"Home","item":"https:\/\/ib-legalfamily.com\/"},{"@type":"ListItem","position":2,"name":"Cookies Policy"}]},{"@type":"WebSite","@id":"https:\/\/ib-legalfamily.com\/#website","url":"https:\/\/ib-legalfamily.com\/","name":"IB Legal Family","description":"Drept interna\u021bional privat al\u00a0familiei","publisher":{"@id":"https:\/\/ib-legalfamily.com\/#organization"},"potentialAction":[{"@type":"SearchAction","target":{"@type":"EntryPoint","urlTemplate":"https:\/\/ib-legalfamily.com\/?s={search_term_string}"},"query-input":{"@type":"PropertyValueSpecification","valueRequired":true,"valueName":"search_term_string"}}],"inLanguage":"en-GB"},{"@type":"Organization","@id":"https:\/\/ib-legalfamily.com\/#organization","name":"IB Legal Family","url":"https:\/\/ib-legalfamily.com\/","logo":{"@type":"ImageObject","inLanguage":"en-GB","@id":"https:\/\/ib-legalfamily.com\/#\/schema\/logo\/image\/","url":"https:\/\/ib-legalfamily.com\/wp-content\/uploads\/2023\/09\/iblegal_family-1.png","contentUrl":"https:\/\/ib-legalfamily.com\/wp-content\/uploads\/2023\/09\/iblegal_family-1.png","width":3027,"height":717,"caption":"IB Legal Family"},"image":{"@id":"https:\/\/ib-legalfamily.com\/#\/schema\/logo\/image\/"}}]}},"_links":{"self":[{"href":"https:\/\/ib-legalfamily.com\/en\/wp-json\/wp\/v2\/pages\/2130","targetHints":{"allow":["GET"]}}],"collection":[{"href":"https:\/\/ib-legalfamily.com\/en\/wp-json\/wp\/v2\/pages"}],"about":[{"href":"https:\/\/ib-legalfamily.com\/en\/wp-json\/wp\/v2\/types\/page"}],"author":[{"embeddable":true,"href":"https:\/\/ib-legalfamily.com\/en\/wp-json\/wp\/v2\/users\/2"}],"replies":[{"embeddable":true,"href":"https:\/\/ib-legalfamily.com\/en\/wp-json\/wp\/v2\/comments?post=2130"}],"version-history":[{"count":10,"href":"https:\/\/ib-legalfamily.com\/en\/wp-json\/wp\/v2\/pages\/2130\/revisions"}],"predecessor-version":[{"id":2175,"href":"https:\/\/ib-legalfamily.com\/en\/wp-json\/wp\/v2\/pages\/2130\/revisions\/2175"}],"wp:attachment":[{"href":"https:\/\/ib-legalfamily.com\/en\/wp-json\/wp\/v2\/media?parent=2130"}],"curies":[{"name":"wp","href":"https:\/\/api.w.org\/{rel}","templated":true}]}}