{"id":2135,"date":"2025-11-12T08:35:53","date_gmt":"2025-11-12T08:35:53","guid":{"rendered":"https:\/\/ib-legalfamily.com\/?page_id=2135"},"modified":"2025-11-12T08:56:06","modified_gmt":"2025-11-12T08:56:06","slug":"website-disclaimer","status":"publish","type":"page","link":"https:\/\/ib-legalfamily.com\/en\/website-disclaimer\/","title":{"rendered":"Website disclaimer"},"content":{"rendered":"<div data-elementor-type=\"wp-page\" data-elementor-id=\"2135\" class=\"elementor elementor-2135\" data-elementor-post-type=\"page\">\n\t\t\t\t<div class=\"elementor-element elementor-element-39560e7 e-flex e-con-boxed e-con e-parent\" data-id=\"39560e7\" data-element_type=\"container\">\n\t\t\t\t\t<div class=\"e-con-inner\">\n\t\t\t\t<div class=\"elementor-element elementor-element-e5951b7 elementor-widget elementor-widget-text-editor\" data-id=\"e5951b7\" data-element_type=\"widget\" data-widget_type=\"text-editor.default\">\n\t\t\t\t<div class=\"elementor-widget-container\">\n\t\t\t\t\t\t\t\t\t<h4><strong>Website disclaimer<\/strong><\/h4><article class=\"text-token-text-primary w-full focus:outline-none [--shadow-height:45px] has-data-writing-block:pointer-events-none has-data-writing-block:-mt-(--shadow-height) has-data-writing-block:pt-(--shadow-height) [&amp;:has([data-writing-block])&gt;*]:pointer-events-auto [content-visibility:auto] supports-[content-visibility:auto]:[contain-intrinsic-size:auto_100lvh] scroll-mt-[calc(var(--header-height)+min(200px,max(70px,20svh)))]\" dir=\"auto\" tabindex=\"-1\" data-turn-id=\"request-WEB:25a87627-77ab-45ea-a537-d34bf7201f58-2\" data-testid=\"conversation-turn-6\" data-scroll-anchor=\"true\" data-turn=\"assistant\"><div class=\"text-base my-auto mx-auto pb-10 [--thread-content-margin:--spacing(4)] thread-sm:[--thread-content-margin:--spacing(6)] thread-lg:[--thread-content-margin:--spacing(16)] px-(--thread-content-margin)\"><div class=\"[--thread-content-max-width:40rem] thread-lg:[--thread-content-max-width:48rem] mx-auto max-w-(--thread-content-max-width) flex-1 group\/turn-messages focus-visible:outline-hidden relative flex w-full min-w-0 flex-col agent-turn\" tabindex=\"-1\"><div class=\"flex max-w-full flex-col grow\"><div class=\"min-h-8 text-message relative flex w-full flex-col items-end gap-2 text-start break-words whitespace-normal [.text-message+&amp;]:mt-1\" dir=\"auto\" data-message-author-role=\"assistant\" data-message-id=\"584bc409-27d5-4f1a-b404-71b0f7d4d5ae\" data-message-model-slug=\"gpt-5-instant\"><div class=\"flex w-full flex-col gap-1 empty:hidden first:pt-[1px]\"><div class=\"markdown prose dark:prose-invert w-full break-words light markdown-new-styling\"><p data-start=\"0\" data-end=\"221\">The materials and information published on this website are intended for general informational purposes only and do not constitute legal advice.<br data-start=\"126\" data-end=\"129\" \/>Use of this website or sending an email does not create a lawyer\u2013client relationship.<\/p><p data-start=\"223\" data-end=\"419\">Any legal assistance is provided solely based on a signed legal assistance contract under Romanian Law No. 51\/1995.<\/p><p data-start=\"421\" data-end=\"580\" data-is-last-node=\"\" data-is-only-node=\"\">Law Practice Ioana B\u0103rbulescu accepts no liability for actions taken based on general information presented here.<\/p><\/div><\/div><\/div><\/div><\/div><\/div><\/article>\t\t\t\t\t\t\t\t<\/div>\n\t\t\t\t<\/div>\n\t\t\t\t\t<\/div>\n\t\t\t\t<\/div>\n\t\t\t\t<\/div>","protected":false},"excerpt":{"rendered":"<p>Declara\u021bie de responsabilitate Materialele \u0219i informa\u021biile publicate pe acest site au scop exclusiv informativ \u0219i nu constituie consultan\u021b\u0103 juridic\u0103.Utilizarea acestui site sau trimiterea unui e-mail nu creeaz\u0103 o rela\u021bie avocat\u2013client. Orice form\u0103 de asisten\u021b\u0103 juridic\u0103 este oferit\u0103 numai \u00een baza unui contract de asisten\u021b\u0103 juridic\u0103 semnat, conform Legii nr. 51\/1995 privind organizarea \u0219i exercitarea profesiei [&hellip;]<\/p>","protected":false},"author":2,"featured_media":0,"parent":0,"menu_order":0,"comment_status":"closed","ping_status":"closed","template":"","meta":{"footnotes":""},"class_list":["post-2135","page","type-page","status-publish","hentry"],"yoast_head":"<!-- This site is optimized with the Yoast SEO plugin v26.8 - https:\/\/yoast.com\/product\/yoast-seo-wordpress\/ -->\n<title>Website disclaimer - IB Legal Family<\/title>\n<meta name=\"robots\" content=\"index, follow, max-snippet:-1, max-image-preview:large, max-video-preview:-1\" \/>\n<link rel=\"canonical\" href=\"https:\/\/ib-legalfamily.com\/en\/website-disclaimer\/\" \/>\n<meta property=\"og:locale\" content=\"en_GB\" \/>\n<meta property=\"og:type\" content=\"article\" \/>\n<meta property=\"og:title\" content=\"Website disclaimer - IB Legal Family\" \/>\n<meta property=\"og:description\" content=\"Declara\u021bie de responsabilitate Materialele \u0219i informa\u021biile publicate pe acest site au scop exclusiv informativ \u0219i nu constituie consultan\u021b\u0103 juridic\u0103.Utilizarea acestui site sau trimiterea unui e-mail nu creeaz\u0103 o rela\u021bie avocat\u2013client. Orice form\u0103 de asisten\u021b\u0103 juridic\u0103 este oferit\u0103 numai \u00een baza unui contract de asisten\u021b\u0103 juridic\u0103 semnat, conform Legii nr. 51\/1995 privind organizarea \u0219i exercitarea profesiei [&hellip;]\" \/>\n<meta property=\"og:url\" content=\"https:\/\/ib-legalfamily.com\/en\/website-disclaimer\/\" \/>\n<meta property=\"og:site_name\" content=\"IB Legal Family\" \/>\n<meta property=\"article:modified_time\" content=\"2025-11-12T08:56:06+00:00\" \/>\n<meta name=\"twitter:card\" content=\"summary_large_image\" \/>\n<meta name=\"twitter:label1\" content=\"Estimated reading time\" \/>\n\t<meta name=\"twitter:data1\" content=\"1 minute\" \/>\n<script type=\"application\/ld+json\" class=\"yoast-schema-graph\">{\"@context\":\"https:\/\/schema.org\",\"@graph\":[{\"@type\":\"WebPage\",\"@id\":\"https:\/\/ib-legalfamily.com\/website-disclaimer\/\",\"url\":\"https:\/\/ib-legalfamily.com\/website-disclaimer\/\",\"name\":\"Website disclaimer - IB Legal Family\",\"isPartOf\":{\"@id\":\"https:\/\/ib-legalfamily.com\/#website\"},\"datePublished\":\"2025-11-12T08:35:53+00:00\",\"dateModified\":\"2025-11-12T08:56:06+00:00\",\"breadcrumb\":{\"@id\":\"https:\/\/ib-legalfamily.com\/website-disclaimer\/#breadcrumb\"},\"inLanguage\":\"en-GB\",\"potentialAction\":[{\"@type\":\"ReadAction\",\"target\":[\"https:\/\/ib-legalfamily.com\/website-disclaimer\/\"]}]},{\"@type\":\"BreadcrumbList\",\"@id\":\"https:\/\/ib-legalfamily.com\/website-disclaimer\/#breadcrumb\",\"itemListElement\":[{\"@type\":\"ListItem\",\"position\":1,\"name\":\"Home\",\"item\":\"https:\/\/ib-legalfamily.com\/\"},{\"@type\":\"ListItem\",\"position\":2,\"name\":\"Website disclaimer\"}]},{\"@type\":\"WebSite\",\"@id\":\"https:\/\/ib-legalfamily.com\/#website\",\"url\":\"https:\/\/ib-legalfamily.com\/\",\"name\":\"IB Legal Family\",\"description\":\"Drept interna\u021bional privat al\u00a0familiei\",\"publisher\":{\"@id\":\"https:\/\/ib-legalfamily.com\/#organization\"},\"potentialAction\":[{\"@type\":\"SearchAction\",\"target\":{\"@type\":\"EntryPoint\",\"urlTemplate\":\"https:\/\/ib-legalfamily.com\/?s={search_term_string}\"},\"query-input\":{\"@type\":\"PropertyValueSpecification\",\"valueRequired\":true,\"valueName\":\"search_term_string\"}}],\"inLanguage\":\"en-GB\"},{\"@type\":\"Organization\",\"@id\":\"https:\/\/ib-legalfamily.com\/#organization\",\"name\":\"IB Legal Family\",\"url\":\"https:\/\/ib-legalfamily.com\/\",\"logo\":{\"@type\":\"ImageObject\",\"inLanguage\":\"en-GB\",\"@id\":\"https:\/\/ib-legalfamily.com\/#\/schema\/logo\/image\/\",\"url\":\"https:\/\/ib-legalfamily.com\/wp-content\/uploads\/2023\/09\/iblegal_family-1.png\",\"contentUrl\":\"https:\/\/ib-legalfamily.com\/wp-content\/uploads\/2023\/09\/iblegal_family-1.png\",\"width\":3027,\"height\":717,\"caption\":\"IB Legal Family\"},\"image\":{\"@id\":\"https:\/\/ib-legalfamily.com\/#\/schema\/logo\/image\/\"}}]}<\/script>\n<!-- \/ Yoast SEO plugin. -->","yoast_head_json":{"title":"Website disclaimer - IB Legal Family","robots":{"index":"index","follow":"follow","max-snippet":"max-snippet:-1","max-image-preview":"max-image-preview:large","max-video-preview":"max-video-preview:-1"},"canonical":"https:\/\/ib-legalfamily.com\/en\/website-disclaimer\/","og_locale":"en_GB","og_type":"article","og_title":"Website disclaimer - IB Legal Family","og_description":"Declara\u021bie de responsabilitate Materialele \u0219i informa\u021biile publicate pe acest site au scop exclusiv informativ \u0219i nu constituie consultan\u021b\u0103 juridic\u0103.Utilizarea acestui site sau trimiterea unui e-mail nu creeaz\u0103 o rela\u021bie avocat\u2013client. Orice form\u0103 de asisten\u021b\u0103 juridic\u0103 este oferit\u0103 numai \u00een baza unui contract de asisten\u021b\u0103 juridic\u0103 semnat, conform Legii nr. 51\/1995 privind organizarea \u0219i exercitarea profesiei [&hellip;]","og_url":"https:\/\/ib-legalfamily.com\/en\/website-disclaimer\/","og_site_name":"IB Legal Family","article_modified_time":"2025-11-12T08:56:06+00:00","twitter_card":"summary_large_image","twitter_misc":{"Estimated reading time":"1 minute"},"schema":{"@context":"https:\/\/schema.org","@graph":[{"@type":"WebPage","@id":"https:\/\/ib-legalfamily.com\/website-disclaimer\/","url":"https:\/\/ib-legalfamily.com\/website-disclaimer\/","name":"Website disclaimer - IB Legal Family","isPartOf":{"@id":"https:\/\/ib-legalfamily.com\/#website"},"datePublished":"2025-11-12T08:35:53+00:00","dateModified":"2025-11-12T08:56:06+00:00","breadcrumb":{"@id":"https:\/\/ib-legalfamily.com\/website-disclaimer\/#breadcrumb"},"inLanguage":"en-GB","potentialAction":[{"@type":"ReadAction","target":["https:\/\/ib-legalfamily.com\/website-disclaimer\/"]}]},{"@type":"BreadcrumbList","@id":"https:\/\/ib-legalfamily.com\/website-disclaimer\/#breadcrumb","itemListElement":[{"@type":"ListItem","position":1,"name":"Home","item":"https:\/\/ib-legalfamily.com\/"},{"@type":"ListItem","position":2,"name":"Website disclaimer"}]},{"@type":"WebSite","@id":"https:\/\/ib-legalfamily.com\/#website","url":"https:\/\/ib-legalfamily.com\/","name":"IB Legal Family","description":"Drept interna\u021bional privat al\u00a0familiei","publisher":{"@id":"https:\/\/ib-legalfamily.com\/#organization"},"potentialAction":[{"@type":"SearchAction","target":{"@type":"EntryPoint","urlTemplate":"https:\/\/ib-legalfamily.com\/?s={search_term_string}"},"query-input":{"@type":"PropertyValueSpecification","valueRequired":true,"valueName":"search_term_string"}}],"inLanguage":"en-GB"},{"@type":"Organization","@id":"https:\/\/ib-legalfamily.com\/#organization","name":"IB Legal Family","url":"https:\/\/ib-legalfamily.com\/","logo":{"@type":"ImageObject","inLanguage":"en-GB","@id":"https:\/\/ib-legalfamily.com\/#\/schema\/logo\/image\/","url":"https:\/\/ib-legalfamily.com\/wp-content\/uploads\/2023\/09\/iblegal_family-1.png","contentUrl":"https:\/\/ib-legalfamily.com\/wp-content\/uploads\/2023\/09\/iblegal_family-1.png","width":3027,"height":717,"caption":"IB Legal Family"},"image":{"@id":"https:\/\/ib-legalfamily.com\/#\/schema\/logo\/image\/"}}]}},"_links":{"self":[{"href":"https:\/\/ib-legalfamily.com\/en\/wp-json\/wp\/v2\/pages\/2135","targetHints":{"allow":["GET"]}}],"collection":[{"href":"https:\/\/ib-legalfamily.com\/en\/wp-json\/wp\/v2\/pages"}],"about":[{"href":"https:\/\/ib-legalfamily.com\/en\/wp-json\/wp\/v2\/types\/page"}],"author":[{"embeddable":true,"href":"https:\/\/ib-legalfamily.com\/en\/wp-json\/wp\/v2\/users\/2"}],"replies":[{"embeddable":true,"href":"https:\/\/ib-legalfamily.com\/en\/wp-json\/wp\/v2\/comments?post=2135"}],"version-history":[{"count":13,"href":"https:\/\/ib-legalfamily.com\/en\/wp-json\/wp\/v2\/pages\/2135\/revisions"}],"predecessor-version":[{"id":2195,"href":"https:\/\/ib-legalfamily.com\/en\/wp-json\/wp\/v2\/pages\/2135\/revisions\/2195"}],"wp:attachment":[{"href":"https:\/\/ib-legalfamily.com\/en\/wp-json\/wp\/v2\/media?parent=2135"}],"curies":[{"name":"wp","href":"https:\/\/api.w.org\/{rel}","templated":true}]}}