{"id":2205,"date":"2025-11-12T09:10:33","date_gmt":"2025-11-12T09:10:33","guid":{"rendered":"https:\/\/ib-legalfamily.com\/?page_id=2205"},"modified":"2025-11-12T09:12:38","modified_gmt":"2025-11-12T09:12:38","slug":"despre-ib-legal-family","status":"publish","type":"page","link":"https:\/\/ib-legalfamily.com\/en\/despre-ib-legal-family\/","title":{"rendered":"About IB Legal Family"},"content":{"rendered":"<div data-elementor-type=\"wp-page\" data-elementor-id=\"2205\" class=\"elementor elementor-2205\" data-elementor-post-type=\"page\">\n\t\t\t\t<div class=\"elementor-element elementor-element-ed9fec7 e-flex e-con-boxed e-con e-parent\" data-id=\"ed9fec7\" data-element_type=\"container\">\n\t\t\t\t\t<div class=\"e-con-inner\">\n\t\t\t\t<div class=\"elementor-element elementor-element-8735943 elementor-widget elementor-widget-text-editor\" data-id=\"8735943\" data-element_type=\"widget\" data-widget_type=\"text-editor.default\">\n\t\t\t\t<div class=\"elementor-widget-container\">\n\t\t\t\t\t\t\t\t\t<h4><strong>About IB Legal Family<br \/><\/strong><\/h4><article class=\"text-token-text-primary w-full focus:outline-none [--shadow-height:45px] has-data-writing-block:pointer-events-none has-data-writing-block:-mt-(--shadow-height) has-data-writing-block:pt-(--shadow-height) [&amp;:has([data-writing-block])&gt;*]:pointer-events-auto [content-visibility:auto] supports-[content-visibility:auto]:[contain-intrinsic-size:auto_100lvh] scroll-mt-[calc(var(--header-height)+min(200px,max(70px,20svh)))]\" dir=\"auto\" tabindex=\"-1\" data-turn-id=\"request-WEB:25a87627-77ab-45ea-a537-d34bf7201f58-17\" data-testid=\"conversation-turn-36\" data-scroll-anchor=\"true\" data-turn=\"assistant\"><div class=\"text-base my-auto mx-auto pb-10 [--thread-content-margin:--spacing(4)] thread-sm:[--thread-content-margin:--spacing(6)] thread-lg:[--thread-content-margin:--spacing(16)] px-(--thread-content-margin)\"><div class=\"[--thread-content-max-width:40rem] thread-lg:[--thread-content-max-width:48rem] mx-auto max-w-(--thread-content-max-width) flex-1 group\/turn-messages focus-visible:outline-hidden relative flex w-full min-w-0 flex-col agent-turn\" tabindex=\"-1\"><div class=\"flex max-w-full flex-col grow\"><div class=\"min-h-8 text-message relative flex w-full flex-col items-end gap-2 text-start break-words whitespace-normal [.text-message+&amp;]:mt-1\" dir=\"auto\" data-message-author-role=\"assistant\" data-message-id=\"7d74bc7a-b1cf-49a0-bea8-579c47068c6a\" data-message-model-slug=\"gpt-5-instant\"><div class=\"flex w-full flex-col gap-1 empty:hidden first:pt-[1px]\"><div class=\"markdown prose dark:prose-invert w-full break-words light markdown-new-styling\"><p data-start=\"32\" data-end=\"586\">The Law Practice Ioana B\u0103rbulescu, operating under the professional name IB Legal Family\u00ae, is a Romanian law practice founded in Bucharest and authorized by the Bucharest Bar Association under Decision No. 552\/2008.<br data-start=\"269\" data-end=\"272\" \/>The Law Practice is registered with the National Union of Bar Associations of Romania (UNBR) and is a member of the Council of Bars and Law Societies of Europe (CCBE) \u2014 an organization representing over one million European lawyers and coordinating ethical and professional standards across the European Union.<\/p><p data-start=\"588\" data-end=\"1076\">IB Legal Family\u00ae operates in full compliance with Law No. 51\/1995 on the organization and practice of the legal profession and the Statute of the Legal Profession, upholding the highest standards of independence, confidentiality, and integrity.<br data-start=\"868\" data-end=\"871\" \/>The Law Practice provides legal services exclusively within the professional framework established by the UNBR and the CCBE Code of Conduct, in full respect of the principles of legality, loyalty, and professional secrecy.<\/p><p data-start=\"1083\" data-end=\"1127\"><strong>Professional Standards and Values<\/strong><\/p><p data-start=\"1129\" data-end=\"1788\">Within IB Legal Family\u00ae, professional activity is founded on the essential principles that define the legal profession in Europe: independence, integrity, confidentiality, and respect for the rule of law.<br data-start=\"1355\" data-end=\"1358\" \/>Ac\u021bion\u0103m exclusiv \u00een interesul clien\u021bilor no\u0219tri, men\u021bin\u00e2nd o independen\u021b\u0103 profesional\u0103 deplin\u0103 \u0219i evit\u00e2nd orice influen\u021b\u0103 incompatibil\u0103 cu demnitatea profesiei.<br data-start=\"1527\" data-end=\"1530\" \/>All client matters and information are treated with absolute confidentiality, in accordance with the Statute of the Legal Profession, the UNBR Code of Ethics, and the Charter of Core Principles of the European Legal Profession adopted by the CCBE.<\/p><p data-start=\"1795\" data-end=\"1819\"><strong>Our vision<\/strong><\/p><p data-start=\"1821\" data-end=\"2497\" data-is-last-node=\"\" data-is-only-node=\"\">Our vision is to contribute to the development of a modern and responsible legal culture, where ethics and competence coexist in harmony with innovation and European values.<br data-start=\"2006\" data-end=\"2009\" \/>IB Legal Family\u00ae aims to be a trusted partner for individuals and companies navigating complex legal contexts \u2014 both nationally and internationally \u2014 consistently upholding professionalism and human-centered advocacy.<br data-start=\"2279\" data-end=\"2282\" \/>Through continuous learning, transparency, and respect for professional independence, we aim to contribute to the strengthening of the legal profession and to the trust placed in it by society.<\/p><\/div><\/div><\/div><\/div><\/div><\/div><\/article>\t\t\t\t\t\t\t\t<\/div>\n\t\t\t\t<\/div>\n\t\t\t\t\t<\/div>\n\t\t\t\t<\/div>\n\t\t\t\t<\/div>","protected":false},"excerpt":{"rendered":"<p>Despre IB Legal Family Cabinetul de avocatur\u0103 Ioana B\u0103rbulescu, care opereaz\u0103 sub denumirea profesional\u0103 IB Legal Family\u00ae, este un cabinet de avocatur\u0103 din Rom\u00e2nia, fondat \u00een Bucure\u0219ti \u0219i autorizat de Baroul Bucure\u0219ti prin Decizia nr. 552\/2008.Cabinetul este \u00eenregistrat la Uniunea Na\u021bional\u0103 a Barourilor din Rom\u00e2nia (UNBR) \u0219i face parte din Consiliul Barourilor \u0219i Societ\u0103\u021bilor de [&hellip;]<\/p>","protected":false},"author":2,"featured_media":0,"parent":0,"menu_order":0,"comment_status":"closed","ping_status":"closed","template":"","meta":{"footnotes":""},"class_list":["post-2205","page","type-page","status-publish","hentry"],"yoast_head":"<!-- This site is optimized with the Yoast SEO plugin v26.8 - https:\/\/yoast.com\/product\/yoast-seo-wordpress\/ -->\n<title>Despre IB Legal Family - IB Legal Family<\/title>\n<meta name=\"robots\" content=\"index, follow, max-snippet:-1, max-image-preview:large, max-video-preview:-1\" \/>\n<link rel=\"canonical\" href=\"https:\/\/ib-legalfamily.com\/en\/despre-ib-legal-family\/\" \/>\n<meta property=\"og:locale\" content=\"en_GB\" \/>\n<meta property=\"og:type\" content=\"article\" \/>\n<meta property=\"og:title\" content=\"Despre IB Legal Family - IB Legal Family\" \/>\n<meta property=\"og:description\" content=\"Despre IB Legal Family Cabinetul de avocatur\u0103 Ioana B\u0103rbulescu, care opereaz\u0103 sub denumirea profesional\u0103 IB Legal Family\u00ae, este un cabinet de avocatur\u0103 din Rom\u00e2nia, fondat \u00een Bucure\u0219ti \u0219i autorizat de Baroul Bucure\u0219ti prin Decizia nr. 552\/2008.Cabinetul este \u00eenregistrat la Uniunea Na\u021bional\u0103 a Barourilor din Rom\u00e2nia (UNBR) \u0219i face parte din Consiliul Barourilor \u0219i Societ\u0103\u021bilor de [&hellip;]\" \/>\n<meta property=\"og:url\" content=\"https:\/\/ib-legalfamily.com\/en\/despre-ib-legal-family\/\" \/>\n<meta property=\"og:site_name\" content=\"IB Legal Family\" \/>\n<meta property=\"article:modified_time\" content=\"2025-11-12T09:12:38+00:00\" \/>\n<meta name=\"twitter:card\" content=\"summary_large_image\" \/>\n<meta name=\"twitter:label1\" content=\"Estimated reading time\" \/>\n\t<meta name=\"twitter:data1\" content=\"2 minutes\" \/>\n<script type=\"application\/ld+json\" class=\"yoast-schema-graph\">{\"@context\":\"https:\/\/schema.org\",\"@graph\":[{\"@type\":\"WebPage\",\"@id\":\"https:\/\/ib-legalfamily.com\/despre-ib-legal-family\/\",\"url\":\"https:\/\/ib-legalfamily.com\/despre-ib-legal-family\/\",\"name\":\"Despre IB Legal Family - IB Legal Family\",\"isPartOf\":{\"@id\":\"https:\/\/ib-legalfamily.com\/#website\"},\"datePublished\":\"2025-11-12T09:10:33+00:00\",\"dateModified\":\"2025-11-12T09:12:38+00:00\",\"breadcrumb\":{\"@id\":\"https:\/\/ib-legalfamily.com\/despre-ib-legal-family\/#breadcrumb\"},\"inLanguage\":\"en-GB\",\"potentialAction\":[{\"@type\":\"ReadAction\",\"target\":[\"https:\/\/ib-legalfamily.com\/despre-ib-legal-family\/\"]}]},{\"@type\":\"BreadcrumbList\",\"@id\":\"https:\/\/ib-legalfamily.com\/despre-ib-legal-family\/#breadcrumb\",\"itemListElement\":[{\"@type\":\"ListItem\",\"position\":1,\"name\":\"Home\",\"item\":\"https:\/\/ib-legalfamily.com\/\"},{\"@type\":\"ListItem\",\"position\":2,\"name\":\"Despre IB Legal Family\"}]},{\"@type\":\"WebSite\",\"@id\":\"https:\/\/ib-legalfamily.com\/#website\",\"url\":\"https:\/\/ib-legalfamily.com\/\",\"name\":\"IB Legal Family\",\"description\":\"Drept interna\u021bional privat al\u00a0familiei\",\"publisher\":{\"@id\":\"https:\/\/ib-legalfamily.com\/#organization\"},\"potentialAction\":[{\"@type\":\"SearchAction\",\"target\":{\"@type\":\"EntryPoint\",\"urlTemplate\":\"https:\/\/ib-legalfamily.com\/?s={search_term_string}\"},\"query-input\":{\"@type\":\"PropertyValueSpecification\",\"valueRequired\":true,\"valueName\":\"search_term_string\"}}],\"inLanguage\":\"en-GB\"},{\"@type\":\"Organization\",\"@id\":\"https:\/\/ib-legalfamily.com\/#organization\",\"name\":\"IB Legal Family\",\"url\":\"https:\/\/ib-legalfamily.com\/\",\"logo\":{\"@type\":\"ImageObject\",\"inLanguage\":\"en-GB\",\"@id\":\"https:\/\/ib-legalfamily.com\/#\/schema\/logo\/image\/\",\"url\":\"https:\/\/ib-legalfamily.com\/wp-content\/uploads\/2023\/09\/iblegal_family-1.png\",\"contentUrl\":\"https:\/\/ib-legalfamily.com\/wp-content\/uploads\/2023\/09\/iblegal_family-1.png\",\"width\":3027,\"height\":717,\"caption\":\"IB Legal Family\"},\"image\":{\"@id\":\"https:\/\/ib-legalfamily.com\/#\/schema\/logo\/image\/\"}}]}<\/script>\n<!-- \/ Yoast SEO plugin. -->","yoast_head_json":{"title":"Despre IB Legal Family - IB Legal Family","robots":{"index":"index","follow":"follow","max-snippet":"max-snippet:-1","max-image-preview":"max-image-preview:large","max-video-preview":"max-video-preview:-1"},"canonical":"https:\/\/ib-legalfamily.com\/en\/despre-ib-legal-family\/","og_locale":"en_GB","og_type":"article","og_title":"Despre IB Legal Family - IB Legal Family","og_description":"Despre IB Legal Family Cabinetul de avocatur\u0103 Ioana B\u0103rbulescu, care opereaz\u0103 sub denumirea profesional\u0103 IB Legal Family\u00ae, este un cabinet de avocatur\u0103 din Rom\u00e2nia, fondat \u00een Bucure\u0219ti \u0219i autorizat de Baroul Bucure\u0219ti prin Decizia nr. 552\/2008.Cabinetul este \u00eenregistrat la Uniunea Na\u021bional\u0103 a Barourilor din Rom\u00e2nia (UNBR) \u0219i face parte din Consiliul Barourilor \u0219i Societ\u0103\u021bilor de [&hellip;]","og_url":"https:\/\/ib-legalfamily.com\/en\/despre-ib-legal-family\/","og_site_name":"IB Legal Family","article_modified_time":"2025-11-12T09:12:38+00:00","twitter_card":"summary_large_image","twitter_misc":{"Estimated reading time":"2 minutes"},"schema":{"@context":"https:\/\/schema.org","@graph":[{"@type":"WebPage","@id":"https:\/\/ib-legalfamily.com\/despre-ib-legal-family\/","url":"https:\/\/ib-legalfamily.com\/despre-ib-legal-family\/","name":"Despre IB Legal Family - IB Legal Family","isPartOf":{"@id":"https:\/\/ib-legalfamily.com\/#website"},"datePublished":"2025-11-12T09:10:33+00:00","dateModified":"2025-11-12T09:12:38+00:00","breadcrumb":{"@id":"https:\/\/ib-legalfamily.com\/despre-ib-legal-family\/#breadcrumb"},"inLanguage":"en-GB","potentialAction":[{"@type":"ReadAction","target":["https:\/\/ib-legalfamily.com\/despre-ib-legal-family\/"]}]},{"@type":"BreadcrumbList","@id":"https:\/\/ib-legalfamily.com\/despre-ib-legal-family\/#breadcrumb","itemListElement":[{"@type":"ListItem","position":1,"name":"Home","item":"https:\/\/ib-legalfamily.com\/"},{"@type":"ListItem","position":2,"name":"Despre IB Legal Family"}]},{"@type":"WebSite","@id":"https:\/\/ib-legalfamily.com\/#website","url":"https:\/\/ib-legalfamily.com\/","name":"IB Legal Family","description":"Drept interna\u021bional privat al\u00a0familiei","publisher":{"@id":"https:\/\/ib-legalfamily.com\/#organization"},"potentialAction":[{"@type":"SearchAction","target":{"@type":"EntryPoint","urlTemplate":"https:\/\/ib-legalfamily.com\/?s={search_term_string}"},"query-input":{"@type":"PropertyValueSpecification","valueRequired":true,"valueName":"search_term_string"}}],"inLanguage":"en-GB"},{"@type":"Organization","@id":"https:\/\/ib-legalfamily.com\/#organization","name":"IB Legal Family","url":"https:\/\/ib-legalfamily.com\/","logo":{"@type":"ImageObject","inLanguage":"en-GB","@id":"https:\/\/ib-legalfamily.com\/#\/schema\/logo\/image\/","url":"https:\/\/ib-legalfamily.com\/wp-content\/uploads\/2023\/09\/iblegal_family-1.png","contentUrl":"https:\/\/ib-legalfamily.com\/wp-content\/uploads\/2023\/09\/iblegal_family-1.png","width":3027,"height":717,"caption":"IB Legal Family"},"image":{"@id":"https:\/\/ib-legalfamily.com\/#\/schema\/logo\/image\/"}}]}},"_links":{"self":[{"href":"https:\/\/ib-legalfamily.com\/en\/wp-json\/wp\/v2\/pages\/2205","targetHints":{"allow":["GET"]}}],"collection":[{"href":"https:\/\/ib-legalfamily.com\/en\/wp-json\/wp\/v2\/pages"}],"about":[{"href":"https:\/\/ib-legalfamily.com\/en\/wp-json\/wp\/v2\/types\/page"}],"author":[{"embeddable":true,"href":"https:\/\/ib-legalfamily.com\/en\/wp-json\/wp\/v2\/users\/2"}],"replies":[{"embeddable":true,"href":"https:\/\/ib-legalfamily.com\/en\/wp-json\/wp\/v2\/comments?post=2205"}],"version-history":[{"count":4,"href":"https:\/\/ib-legalfamily.com\/en\/wp-json\/wp\/v2\/pages\/2205\/revisions"}],"predecessor-version":[{"id":2212,"href":"https:\/\/ib-legalfamily.com\/en\/wp-json\/wp\/v2\/pages\/2205\/revisions\/2212"}],"wp:attachment":[{"href":"https:\/\/ib-legalfamily.com\/en\/wp-json\/wp\/v2\/media?parent=2205"}],"curies":[{"name":"wp","href":"https:\/\/api.w.org\/{rel}","templated":true}]}}